{"id":46,"date":"2016-02-25T13:01:49","date_gmt":"2016-02-25T12:01:49","guid":{"rendered":"http:\/\/web-4-you.com\/?page_id=46"},"modified":"2018-05-24T10:49:27","modified_gmt":"2018-05-24T08:49:27","slug":"kontakt","status":"publish","type":"page","link":"https:\/\/web-4-you.com\/?page_id=46","title":{"rendered":"Kontakt"},"content":{"rendered":"<p>Web-4-You<br \/>\nInternet-Agenur<\/p>\n<p>Ahnstra\u00dfe 11<br \/>\n37431 Bad Lauterberg<\/p>\n<p>Tel 05524 &#8211; 86 82 30<br \/>\nFax 05524 &#8211; 40 7000 1<br \/>\nMail <a href=\"mailto:info@web-4-you.com\">info@web-4-you.com<\/a><\/p>\n<p>&nbsp;<\/p>\n<p><u>EU DSGVO Datenschutz-Hinweis:<\/u><br \/>\nDurch Abschicken dieses Formulars stimmen Sie der Speicherung und Verarbeitung Ihrer Daten gem\u00e4\u00df unserer <a href=\"https:\/\/web-4-you.com\/?page_id=105\" rel=\"noopener\">Datenschutzerkl\u00e4rung<\/a> zu. Ihre Daten werden von uns nur zur Beantwortung der Anfrage verwendet.<\/p>\n","protected":false},"excerpt":{"rendered":"<p>Web-4-You Internet-Agenur Ahnstra\u00dfe 11 37431 Bad Lauterberg Tel 05524 &#8211; 86 82 30 Fax 05524 &#8211; 40 7000 1 Mail info@web-4-you.com &nbsp; EU DSGVO Datenschutz-Hinweis: Durch Abschicken dieses Formulars stimmen Sie der Speicherung und Verarbeitung Ihrer Daten gem\u00e4\u00df unserer Datenschutzerkl\u00e4rung zu. Ihre Daten werden von uns nur zur Beantwortung der Anfrage verwendet.<\/p>\n","protected":false},"author":1,"featured_media":0,"parent":0,"menu_order":0,"comment_status":"closed","ping_status":"closed","template":"","meta":[],"_links":{"self":[{"href":"https:\/\/web-4-you.com\/index.php?rest_route=\/wp\/v2\/pages\/46"}],"collection":[{"href":"https:\/\/web-4-you.com\/index.php?rest_route=\/wp\/v2\/pages"}],"about":[{"href":"https:\/\/web-4-you.com\/index.php?rest_route=\/wp\/v2\/types\/page"}],"author":[{"embeddable":true,"href":"https:\/\/web-4-you.com\/index.php?rest_route=\/wp\/v2\/users\/1"}],"replies":[{"embeddable":true,"href":"https:\/\/web-4-you.com\/index.php?rest_route=%2Fwp%2Fv2%2Fcomments&post=46"}],"version-history":[{"count":5,"href":"https:\/\/web-4-you.com\/index.php?rest_route=\/wp\/v2\/pages\/46\/revisions"}],"predecessor-version":[{"id":111,"href":"https:\/\/web-4-you.com\/index.php?rest_route=\/wp\/v2\/pages\/46\/revisions\/111"}],"wp:attachment":[{"href":"https:\/\/web-4-you.com\/index.php?rest_route=%2Fwp%2Fv2%2Fmedia&parent=46"}],"curies":[{"name":"wp","href":"https:\/\/api.w.org\/{rel}","templated":true}]}}