{"id":44,"date":"2016-02-25T13:01:35","date_gmt":"2016-02-25T12:01:35","guid":{"rendered":"http:\/\/web-4-you.com\/?page_id=44"},"modified":"2016-07-12T15:34:19","modified_gmt":"2016-07-12T13:34:19","slug":"ueber-uns","status":"publish","type":"page","link":"https:\/\/web-4-you.com\/?page_id=44","title":{"rendered":"\u00dcber uns &#8230;"},"content":{"rendered":"<p>Die Internet-Agentur <em><strong>Web-4-You<\/strong><\/em> besteht bereits seit 1998. Anfangs mit einem angeschlossenen Internet-Caf\u00e9, als das Internet noch in seinen Kinderschuhen steckte, beschr\u00e4nkte sich die Arbeit haupts\u00e4chlich darauf, dem Kunden das neue Medium Internet n\u00e4her zu bringen. Sp\u00e4ter kamen die ersten Webseiten dazu, das eigenst\u00e4ndige &#8222;Hosten&#8220; auf eigenen Servern war dann nur noch die logische Weiterentwicklung. Genau wie das Medium Internet und die dazugeh\u00f6rigen Techniken selbst, haben auch wir uns weiterentwickelt. Von statischen Seiten in html, \u00fcber serverseitige Anwendungen mit php, Content Management Systemen bis hin zum heute wichtigen responsiven Design, <em><strong>Web-4-You<\/strong><\/em> ist immer auf dem aktuellen Stand der Technik.<\/p>\n","protected":false},"excerpt":{"rendered":"<p>Die Internet-Agentur Web-4-You besteht bereits seit 1998. Anfangs mit einem angeschlossenen Internet-Caf\u00e9, als das Internet noch in seinen Kinderschuhen steckte, beschr\u00e4nkte sich die Arbeit haupts\u00e4chlich darauf, dem Kunden das neue Medium Internet n\u00e4her zu bringen. Sp\u00e4ter kamen die ersten Webseiten dazu, das eigenst\u00e4ndige &#8222;Hosten&#8220; auf eigenen Servern war dann nur noch die logische Weiterentwicklung. Genau wie das Medium Internet und<\/p>\n<p><a class=\"more-link\" href=\"https:\/\/web-4-you.com\/?page_id=44\">Read More<\/a><\/p>\n","protected":false},"author":1,"featured_media":0,"parent":0,"menu_order":0,"comment_status":"closed","ping_status":"closed","template":"","meta":[],"_links":{"self":[{"href":"https:\/\/web-4-you.com\/index.php?rest_route=\/wp\/v2\/pages\/44"}],"collection":[{"href":"https:\/\/web-4-you.com\/index.php?rest_route=\/wp\/v2\/pages"}],"about":[{"href":"https:\/\/web-4-you.com\/index.php?rest_route=\/wp\/v2\/types\/page"}],"author":[{"embeddable":true,"href":"https:\/\/web-4-you.com\/index.php?rest_route=\/wp\/v2\/users\/1"}],"replies":[{"embeddable":true,"href":"https:\/\/web-4-you.com\/index.php?rest_route=%2Fwp%2Fv2%2Fcomments&post=44"}],"version-history":[{"count":5,"href":"https:\/\/web-4-you.com\/index.php?rest_route=\/wp\/v2\/pages\/44\/revisions"}],"predecessor-version":[{"id":87,"href":"https:\/\/web-4-you.com\/index.php?rest_route=\/wp\/v2\/pages\/44\/revisions\/87"}],"wp:attachment":[{"href":"https:\/\/web-4-you.com\/index.php?rest_route=%2Fwp%2Fv2%2Fmedia&parent=44"}],"curies":[{"name":"wp","href":"https:\/\/api.w.org\/{rel}","templated":true}]}}