{"id":34,"date":"2016-02-25T12:59:59","date_gmt":"2016-02-25T11:59:59","guid":{"rendered":"http:\/\/web-4-you.com\/?page_id=34"},"modified":"2016-07-12T17:08:47","modified_gmt":"2016-07-12T15:08:47","slug":"responsive-design","status":"publish","type":"page","link":"https:\/\/web-4-you.com\/?page_id=34","title":{"rendered":"Responsive Design"},"content":{"rendered":"<p>Responsive Design &#8211; was ist das ? Einfach gesagt, Ihre Seite ist auf allen Endger\u00e4ten vern\u00fcnftig lesbar, egal, wie gro\u00df die Aufl\u00f6sung des Endger\u00e4tes ist. Auf Computern und Laptops, auf Tablets und Smartphones &#8230;<\/p>\n<p>Diese Eigenschaft einer heutgigen Webseite sollte auf alle F\u00e4lle ber\u00fccksichtigt und implementiert werden.<\/p>\n<p>Bei<strong> Web-4-You<\/strong> ist das selbstverst\u00e4ndlich, wir erstellen Ihre neue Seite automatisch so, dass Sie den modernsten Anforderungen gen\u00fcgt. Auch \u00e4ltere, noch nicht responsive Seiten, k\u00f6nnen nat\u00fcrlich umgestellt werden. Sprechen Sie uns an, wir beraten Sie ausf\u00fchrlich vor der eigentlichen Arbeit um mit Ihnen die optimalste Variante zu ermitteln.<\/p>\n","protected":false},"excerpt":{"rendered":"<p>Responsive Design &#8211; was ist das ? Einfach gesagt, Ihre Seite ist auf allen Endger\u00e4ten vern\u00fcnftig lesbar, egal, wie gro\u00df die Aufl\u00f6sung des Endger\u00e4tes ist. Auf Computern und Laptops, auf Tablets und Smartphones &#8230; Diese Eigenschaft einer heutgigen Webseite sollte auf alle F\u00e4lle ber\u00fccksichtigt und implementiert werden. Bei Web-4-You ist das selbstverst\u00e4ndlich, wir erstellen Ihre neue Seite automatisch so, dass<\/p>\n<p><a class=\"more-link\" href=\"https:\/\/web-4-you.com\/?page_id=34\">Read More<\/a><\/p>\n","protected":false},"author":1,"featured_media":0,"parent":0,"menu_order":0,"comment_status":"closed","ping_status":"closed","template":"","meta":[],"_links":{"self":[{"href":"https:\/\/web-4-you.com\/index.php?rest_route=\/wp\/v2\/pages\/34"}],"collection":[{"href":"https:\/\/web-4-you.com\/index.php?rest_route=\/wp\/v2\/pages"}],"about":[{"href":"https:\/\/web-4-you.com\/index.php?rest_route=\/wp\/v2\/types\/page"}],"author":[{"embeddable":true,"href":"https:\/\/web-4-you.com\/index.php?rest_route=\/wp\/v2\/users\/1"}],"replies":[{"embeddable":true,"href":"https:\/\/web-4-you.com\/index.php?rest_route=%2Fwp%2Fv2%2Fcomments&post=34"}],"version-history":[{"count":7,"href":"https:\/\/web-4-you.com\/index.php?rest_route=\/wp\/v2\/pages\/34\/revisions"}],"predecessor-version":[{"id":93,"href":"https:\/\/web-4-you.com\/index.php?rest_route=\/wp\/v2\/pages\/34\/revisions\/93"}],"wp:attachment":[{"href":"https:\/\/web-4-you.com\/index.php?rest_route=%2Fwp%2Fv2%2Fmedia&parent=34"}],"curies":[{"name":"wp","href":"https:\/\/api.w.org\/{rel}","templated":true}]}}