{"id":29,"date":"2016-02-25T12:57:59","date_gmt":"2016-02-25T11:57:59","guid":{"rendered":"http:\/\/web-4-you.com\/?page_id=29"},"modified":"2016-07-12T17:07:29","modified_gmt":"2016-07-12T15:07:29","slug":"service","status":"publish","type":"page","link":"https:\/\/web-4-you.com\/?page_id=29","title":{"rendered":"Service"},"content":{"rendered":"<p>Wir erledigen f\u00fcr Sie jegliche Art der IT-Arbeiten:<\/p>\n<ul>\n<li>Wartung Ihrer EDV-Anlage<\/li>\n<li>Wartung und Pflege Ihrer Internetpr\u00e4senz<\/li>\n<li>Installation und Konfiguration Neu-Anschl\u00fcssen<\/li>\n<\/ul>\n<p>Au\u00dferdem bieten wie g\u00fcnstige Wartungsvertr\u00e4ge an, pauschale Betr\u00e4ge pro Monat oder Quartal und unlimitierten Support. Lagern Sie Ihre IT- und Webarbeiten kosteng\u00fcnstig aus.<\/p>\n<p>Sprechen Sie uns an und erfragen Sie unsere Konditionen.<\/p>\n","protected":false},"excerpt":{"rendered":"<p>Wir erledigen f\u00fcr Sie jegliche Art der IT-Arbeiten: Wartung Ihrer EDV-Anlage Wartung und Pflege Ihrer Internetpr\u00e4senz Installation und Konfiguration Neu-Anschl\u00fcssen Au\u00dferdem bieten wie g\u00fcnstige Wartungsvertr\u00e4ge an, pauschale Betr\u00e4ge pro Monat oder Quartal und unlimitierten Support. Lagern Sie Ihre IT- und Webarbeiten kosteng\u00fcnstig aus. Sprechen Sie uns an und erfragen Sie unsere Konditionen.<\/p>\n","protected":false},"author":1,"featured_media":0,"parent":0,"menu_order":0,"comment_status":"closed","ping_status":"closed","template":"","meta":[],"_links":{"self":[{"href":"https:\/\/web-4-you.com\/index.php?rest_route=\/wp\/v2\/pages\/29"}],"collection":[{"href":"https:\/\/web-4-you.com\/index.php?rest_route=\/wp\/v2\/pages"}],"about":[{"href":"https:\/\/web-4-you.com\/index.php?rest_route=\/wp\/v2\/types\/page"}],"author":[{"embeddable":true,"href":"https:\/\/web-4-you.com\/index.php?rest_route=\/wp\/v2\/users\/1"}],"replies":[{"embeddable":true,"href":"https:\/\/web-4-you.com\/index.php?rest_route=%2Fwp%2Fv2%2Fcomments&post=29"}],"version-history":[{"count":7,"href":"https:\/\/web-4-you.com\/index.php?rest_route=\/wp\/v2\/pages\/29\/revisions"}],"predecessor-version":[{"id":92,"href":"https:\/\/web-4-you.com\/index.php?rest_route=\/wp\/v2\/pages\/29\/revisions\/92"}],"wp:attachment":[{"href":"https:\/\/web-4-you.com\/index.php?rest_route=%2Fwp%2Fv2%2Fmedia&parent=29"}],"curies":[{"name":"wp","href":"https:\/\/api.w.org\/{rel}","templated":true}]}}