{"id":27,"date":"2016-02-25T12:57:44","date_gmt":"2016-02-25T11:57:44","guid":{"rendered":"http:\/\/web-4-you.com\/?page_id=27"},"modified":"2016-07-12T17:14:03","modified_gmt":"2016-07-12T15:14:03","slug":"webdesign","status":"publish","type":"page","link":"https:\/\/web-4-you.com\/?page_id=27","title":{"rendered":"WebDesign"},"content":{"rendered":"<p><strong>Sie ben\u00f6tigen eine neue Internetseite ?<\/strong> Oder muss Ihre &#8222;Alte&#8220; mal \u00fcberholt &#8211; man sagt relaunched &#8211; werden ?<\/p>\n<p>Kein Problem &#8211; egal ob eine einfache Pr\u00e4senz f\u00fcr z.B. Ihre Ferienwohnung, etwas aufwendiger f\u00fcr Vereine, Institutionen oder Parteien, oder gr\u00f6\u00dfere und komplexere Internet-Portale. Bei <strong>Web-4-You<\/strong> sind Sie in den richtigen H\u00e4nden. 16 Jahre Erfahrung mit der gesamten Entwicklung des Internets sprechen f\u00fcr sich.<\/p>\n<p><em><strong>Web-4-You<\/strong><\/em> ist f\u00fcr alle Anwendungen der richtige Partner. Vor der eigentlichen Arbeit sprechen wir mit dem Kunden und beraten fair \u00fcber alle M\u00f6glichkeiten. Bei uns werden Sie nicht von versteckten Kosten \u00fcberrascht !<\/p>\n","protected":false},"excerpt":{"rendered":"<p>Sie ben\u00f6tigen eine neue Internetseite ? Oder muss Ihre &#8222;Alte&#8220; mal \u00fcberholt &#8211; man sagt relaunched &#8211; werden ? Kein Problem &#8211; egal ob eine einfache Pr\u00e4senz f\u00fcr z.B. Ihre Ferienwohnung, etwas aufwendiger f\u00fcr Vereine, Institutionen oder Parteien, oder gr\u00f6\u00dfere und komplexere Internet-Portale. Bei Web-4-You sind Sie in den richtigen H\u00e4nden. 16 Jahre Erfahrung mit der gesamten Entwicklung des Internets<\/p>\n<p><a class=\"more-link\" href=\"https:\/\/web-4-you.com\/?page_id=27\">Read More<\/a><\/p>\n","protected":false},"author":1,"featured_media":0,"parent":0,"menu_order":0,"comment_status":"closed","ping_status":"closed","template":"","meta":[],"_links":{"self":[{"href":"https:\/\/web-4-you.com\/index.php?rest_route=\/wp\/v2\/pages\/27"}],"collection":[{"href":"https:\/\/web-4-you.com\/index.php?rest_route=\/wp\/v2\/pages"}],"about":[{"href":"https:\/\/web-4-you.com\/index.php?rest_route=\/wp\/v2\/types\/page"}],"author":[{"embeddable":true,"href":"https:\/\/web-4-you.com\/index.php?rest_route=\/wp\/v2\/users\/1"}],"replies":[{"embeddable":true,"href":"https:\/\/web-4-you.com\/index.php?rest_route=%2Fwp%2Fv2%2Fcomments&post=27"}],"version-history":[{"count":3,"href":"https:\/\/web-4-you.com\/index.php?rest_route=\/wp\/v2\/pages\/27\/revisions"}],"predecessor-version":[{"id":95,"href":"https:\/\/web-4-you.com\/index.php?rest_route=\/wp\/v2\/pages\/27\/revisions\/95"}],"wp:attachment":[{"href":"https:\/\/web-4-you.com\/index.php?rest_route=%2Fwp%2Fv2%2Fmedia&parent=27"}],"curies":[{"name":"wp","href":"https:\/\/api.w.org\/{rel}","templated":true}]}}