{"id":25,"date":"2016-02-25T12:57:27","date_gmt":"2016-02-25T11:57:27","guid":{"rendered":"http:\/\/web-4-you.com\/?page_id=25"},"modified":"2016-07-12T17:31:24","modified_gmt":"2016-07-12T15:31:24","slug":"webhosting","status":"publish","type":"page","link":"https:\/\/web-4-you.com\/?page_id=25","title":{"rendered":"WebHosting"},"content":{"rendered":"<p>WebHosting ? Ihre Seite muss auf sogenannten Webservern gehostet (gespeichert) werden, damit diese dann immer und \u00fcberall mit jedem Endger\u00e4t abgerufen werden kann. Das ist das eigentliche Hosting &#8211; vereinfacht gesagt ist es die &#8222;Miete&#8220; f\u00fcr den Speicherplatz und die dazugeh\u00f6rigen Anwendungen, die man f\u00fcr eine vern\u00fcnftige Webseite heute braucht, wie z.B<\/p>\n<ul>\n<li>E-Mail<\/li>\n<li>Datenbanken<\/li>\n<li>FTP-Zugang f\u00fcr Ihre Seite<\/li>\n<\/ul>\n<p>Die Geb\u00fchren richten sich nach dem, was Sie ben\u00f6tigen. Die Paketpreise bei Web-4-You:<\/p>\n<ul>\n<li>Personel C 3,99 \u20ac \/ Monat<\/li>\n<li>Business A 4,99 \u20ac \/ Monat<\/li>\n<li>Business B 5,99 \u20ac \/ Monat<\/li>\n<li>Business C 8,99 \u20ac \/ Monat<\/li>\n<li>Premium A 9,99 \u20ac \/ Monat<\/li>\n<\/ul>\n<p>Weitere Pakete auf Anfrage ! Hosting Geb\u00fchren sind j\u00e4hrlich im Voraus f\u00e4llig.<\/p>\n","protected":false},"excerpt":{"rendered":"<p>WebHosting ? Ihre Seite muss auf sogenannten Webservern gehostet (gespeichert) werden, damit diese dann immer und \u00fcberall mit jedem Endger\u00e4t abgerufen werden kann. Das ist das eigentliche Hosting &#8211; vereinfacht gesagt ist es die &#8222;Miete&#8220; f\u00fcr den Speicherplatz und die dazugeh\u00f6rigen Anwendungen, die man f\u00fcr eine vern\u00fcnftige Webseite heute braucht, wie z.B E-Mail Datenbanken FTP-Zugang f\u00fcr Ihre Seite Die Geb\u00fchren<\/p>\n<p><a class=\"more-link\" href=\"https:\/\/web-4-you.com\/?page_id=25\">Read More<\/a><\/p>\n","protected":false},"author":1,"featured_media":0,"parent":0,"menu_order":0,"comment_status":"closed","ping_status":"closed","template":"","meta":[],"_links":{"self":[{"href":"https:\/\/web-4-you.com\/index.php?rest_route=\/wp\/v2\/pages\/25"}],"collection":[{"href":"https:\/\/web-4-you.com\/index.php?rest_route=\/wp\/v2\/pages"}],"about":[{"href":"https:\/\/web-4-you.com\/index.php?rest_route=\/wp\/v2\/types\/page"}],"author":[{"embeddable":true,"href":"https:\/\/web-4-you.com\/index.php?rest_route=\/wp\/v2\/users\/1"}],"replies":[{"embeddable":true,"href":"https:\/\/web-4-you.com\/index.php?rest_route=%2Fwp%2Fv2%2Fcomments&post=25"}],"version-history":[{"count":5,"href":"https:\/\/web-4-you.com\/index.php?rest_route=\/wp\/v2\/pages\/25\/revisions"}],"predecessor-version":[{"id":99,"href":"https:\/\/web-4-you.com\/index.php?rest_route=\/wp\/v2\/pages\/25\/revisions\/99"}],"wp:attachment":[{"href":"https:\/\/web-4-you.com\/index.php?rest_route=%2Fwp%2Fv2%2Fmedia&parent=25"}],"curies":[{"name":"wp","href":"https:\/\/api.w.org\/{rel}","templated":true}]}}